{"id":29,"date":"2026-05-05T16:54:04","date_gmt":"2026-05-05T16:54:04","guid":{"rendered":"https:\/\/map.gellep-stratum.de\/?page_id=29"},"modified":"2026-05-05T17:01:21","modified_gmt":"2026-05-05T17:01:21","slug":"impressum","status":"publish","type":"page","link":"https:\/\/map.gellep-stratum.de\/?page_id=29","title":{"rendered":"Impressum"},"content":{"rendered":"\n<p><strong>Diensteanbieter gem\u00e4\u00df \u00a7 5 TMG:<\/strong><\/p>\n\n\n\n<p>Philipp Spaderna<br>Kaiserswerther Str. 83<br>47809 Krefeld <\/p>\n\n\n\n<p>E-Mail: abuse@itdus.de<br>Telefon: 021515799291 Verantwortlich f\u00fcr den Inhalt nach \u00a7 18 Abs. 2 MStV:<\/p>\n\n\n\n<p>Philipp Spaderna<br>Kaiserswerther Str. 83<br>47809 Krefeld<\/p>\n\n\n\n<hr class=\"wp-block-separator has-alpha-channel-opacity\"\/>\n\n\n\n<p><em>Hinweis: Dies ist die offizielle Webpr\u00e4senz der Domain itdus.de. Diese Seite dient prim\u00e4r der technischen Bereitstellung von Kommunikationsdiensten und als Anlaufstelle f\u00fcr administrative Anfragen bez\u00fcglich unseres Mailservers.<\/em><\/p>\n","protected":false},"excerpt":{"rendered":"<p>Diensteanbieter gem\u00e4\u00df \u00a7 5 TMG: Philipp SpadernaKaiserswerther Str. 8347809 Krefeld E-Mail: abuse@itdus.deTelefon: 021515799291 Verantwortlich f\u00fcr den Inhalt nach \u00a7 18 Abs. 2 MStV: Philipp SpadernaKaiserswerther Str. 8347809 Krefeld Hinweis: Dies ist die offizielle Webpr\u00e4senz der Domain itdus.de. Diese Seite dient prim\u00e4r der technischen Bereitstellung von Kommunikationsdiensten und als Anlaufstelle f\u00fcr administrative Anfragen bez\u00fcglich unseres Mailservers.<\/p>\n","protected":false},"author":1,"featured_media":0,"parent":0,"menu_order":0,"comment_status":"closed","ping_status":"closed","template":"blank","meta":{"footnotes":""},"class_list":["post-29","page","type-page","status-publish","hentry"],"_links":{"self":[{"href":"https:\/\/map.gellep-stratum.de\/index.php?rest_route=\/wp\/v2\/pages\/29","targetHints":{"allow":["GET"]}}],"collection":[{"href":"https:\/\/map.gellep-stratum.de\/index.php?rest_route=\/wp\/v2\/pages"}],"about":[{"href":"https:\/\/map.gellep-stratum.de\/index.php?rest_route=\/wp\/v2\/types\/page"}],"author":[{"embeddable":true,"href":"https:\/\/map.gellep-stratum.de\/index.php?rest_route=\/wp\/v2\/users\/1"}],"replies":[{"embeddable":true,"href":"https:\/\/map.gellep-stratum.de\/index.php?rest_route=%2Fwp%2Fv2%2Fcomments&post=29"}],"version-history":[{"count":2,"href":"https:\/\/map.gellep-stratum.de\/index.php?rest_route=\/wp\/v2\/pages\/29\/revisions"}],"predecessor-version":[{"id":34,"href":"https:\/\/map.gellep-stratum.de\/index.php?rest_route=\/wp\/v2\/pages\/29\/revisions\/34"}],"wp:attachment":[{"href":"https:\/\/map.gellep-stratum.de\/index.php?rest_route=%2Fwp%2Fv2%2Fmedia&parent=29"}],"curies":[{"name":"wp","href":"https:\/\/api.w.org\/{rel}","templated":true}]}}